{"id":48,"date":"2020-04-29T22:31:24","date_gmt":"2020-04-30T01:31:24","guid":{"rendered":"http:\/\/transito.riohurtado.cl\/?page_id=48"},"modified":"2025-08-18T14:40:57","modified_gmt":"2025-08-18T17:40:57","slug":"permisos-de-circulacion","status":"publish","type":"page","link":"https:\/\/transito.riohurtado.cl\/?page_id=48","title":{"rendered":"Permisos de Circulaci\u00f3n"},"content":{"rendered":"\t\t<div data-elementor-type=\"wp-page\" data-elementor-id=\"48\" class=\"elementor elementor-48\">\n\t\t\t\t\t\t<section class=\"elementor-section elementor-top-section elementor-element elementor-element-7908bdc elementor-section-boxed elementor-section-height-default elementor-section-height-default\" data-id=\"7908bdc\" data-element_type=\"section\" data-e-type=\"section\">\n\t\t\t\t\t\t<div class=\"elementor-container elementor-column-gap-default\">\n\t\t\t\t\t<div class=\"elementor-column elementor-col-100 elementor-top-column elementor-element elementor-element-ea03595\" data-id=\"ea03595\" data-element_type=\"column\" data-e-type=\"column\">\n\t\t\t<div class=\"elementor-widget-wrap elementor-element-populated\">\n\t\t\t\t\t\t<div class=\"elementor-element elementor-element-dab0269 elementor-widget elementor-widget-text-editor\" data-id=\"dab0269\" data-element_type=\"widget\" data-e-type=\"widget\" data-widget_type=\"text-editor.default\">\n\t\t\t\t<div class=\"elementor-widget-container\">\n\t\t\t\t\t\t\t\t\t<p>Es el pago del impuesto anual de un veh\u00edculo que transita por las calles, caminos y v\u00edas p\u00fablicas en general.<\/p>\t\t\t\t\t\t\t\t<\/div>\n\t\t\t\t<\/div>\n\t\t\t\t\t<\/div>\n\t\t<\/div>\n\t\t\t\t\t<\/div>\n\t\t<\/section>\n\t\t\t\t<section class=\"elementor-section elementor-top-section elementor-element elementor-element-362b9e0 elementor-section-boxed elementor-section-height-default elementor-section-height-default\" data-id=\"362b9e0\" data-element_type=\"section\" data-e-type=\"section\">\n\t\t\t\t\t\t<div class=\"elementor-container elementor-column-gap-default\">\n\t\t\t\t\t<div class=\"elementor-column elementor-col-100 elementor-top-column elementor-element elementor-element-a946388\" data-id=\"a946388\" data-element_type=\"column\" data-e-type=\"column\">\n\t\t\t<div class=\"elementor-widget-wrap elementor-element-populated\">\n\t\t\t\t\t\t<div class=\"elementor-element elementor-element-2147677 elementor-widget elementor-widget-toggle\" data-id=\"2147677\" data-element_type=\"widget\" data-e-type=\"widget\" data-widget_type=\"toggle.default\">\n\t\t\t\t<div class=\"elementor-widget-container\">\n\t\t\t\t\t\t\t<div class=\"elementor-toggle\">\n\t\t\t\t\t\t\t<div class=\"elementor-toggle-item\">\n\t\t\t\t\t<div id=\"elementor-tab-title-3481\" class=\"elementor-tab-title\" data-tab=\"1\" role=\"button\" aria-controls=\"elementor-tab-content-3481\" aria-expanded=\"false\">\n\t\t\t\t\t\t\t\t\t\t\t\t<span class=\"elementor-toggle-icon elementor-toggle-icon-left\" aria-hidden=\"true\">\n\t\t\t\t\t\t\t\t\t\t\t\t\t\t\t<span class=\"elementor-toggle-icon-closed\"><i class=\"fas fa-caret-right\"><\/i><\/span>\n\t\t\t\t\t\t\t\t<span class=\"elementor-toggle-icon-opened\"><i class=\"elementor-toggle-icon-opened fas fa-caret-up\"><\/i><\/span>\n\t\t\t\t\t\t\t\t\t\t\t\t\t<\/span>\n\t\t\t\t\t\t\t\t\t\t\t\t<a class=\"elementor-toggle-title\" tabindex=\"0\">DOCUMENTOS REQUERIDOS PARA RENOVAR PERMISO DE CIRCULACI\u00d3N<\/a>\n\t\t\t\t\t<\/div>\n\n\t\t\t\t\t<div id=\"elementor-tab-content-3481\" class=\"elementor-tab-content elementor-clearfix\" data-tab=\"1\" role=\"region\" aria-labelledby=\"elementor-tab-title-3481\"><ul><li>Permiso de circulaci\u00f3n anterior<\/li><li>P\u00f3liza de Seguro Obligatorio (SOAP)<\/li><li>Certificado de Homologaci\u00f3n o Revisi\u00f3n T\u00e9cnica Vigente<\/li><li>Certificado de emisiones contaminantes<\/li><li>Certificado dominio vigente emitido por el Registro Civil, en caso de efectuar cambio de nombre propietario.<\/li><\/ul><\/div>\n\t\t\t\t<\/div>\n\t\t\t\t\t\t\t<div class=\"elementor-toggle-item\">\n\t\t\t\t\t<div id=\"elementor-tab-title-3482\" class=\"elementor-tab-title\" data-tab=\"2\" role=\"button\" aria-controls=\"elementor-tab-content-3482\" aria-expanded=\"false\">\n\t\t\t\t\t\t\t\t\t\t\t\t<span class=\"elementor-toggle-icon elementor-toggle-icon-left\" aria-hidden=\"true\">\n\t\t\t\t\t\t\t\t\t\t\t\t\t\t\t<span class=\"elementor-toggle-icon-closed\"><i class=\"fas fa-caret-right\"><\/i><\/span>\n\t\t\t\t\t\t\t\t<span class=\"elementor-toggle-icon-opened\"><i class=\"elementor-toggle-icon-opened fas fa-caret-up\"><\/i><\/span>\n\t\t\t\t\t\t\t\t\t\t\t\t\t<\/span>\n\t\t\t\t\t\t\t\t\t\t\t\t<a class=\"elementor-toggle-title\" tabindex=\"0\">DOCUMENTOS REQUERIDOS PARA OBTENER EL PRIMER PERMISO DE CIRCULACION (VEHICULOS NUEVOS)<\/a>\n\t\t\t\t\t<\/div>\n\n\t\t\t\t\t<div id=\"elementor-tab-content-3482\" class=\"elementor-tab-content elementor-clearfix\" data-tab=\"2\" role=\"region\" aria-labelledby=\"elementor-tab-title-3482\"><ul><li>Inscripci\u00f3n en el Registro Civil.<\/li><li>Factura de compra o documentaci\u00f3n de aduana si es importaci\u00f3n directa.<\/li><li>P\u00f3liza de Seguro Obligatorio (SOAP).<\/li><li>Certificado de Homologaci\u00f3n.<\/li><\/ul><\/div>\n\t\t\t\t<\/div>\n\t\t\t\t\t\t\t<div class=\"elementor-toggle-item\">\n\t\t\t\t\t<div id=\"elementor-tab-title-3483\" class=\"elementor-tab-title\" data-tab=\"3\" role=\"button\" aria-controls=\"elementor-tab-content-3483\" aria-expanded=\"false\">\n\t\t\t\t\t\t\t\t\t\t\t\t<span class=\"elementor-toggle-icon elementor-toggle-icon-left\" aria-hidden=\"true\">\n\t\t\t\t\t\t\t\t\t\t\t\t\t\t\t<span class=\"elementor-toggle-icon-closed\"><i class=\"fas fa-caret-right\"><\/i><\/span>\n\t\t\t\t\t\t\t\t<span class=\"elementor-toggle-icon-opened\"><i class=\"elementor-toggle-icon-opened fas fa-caret-up\"><\/i><\/span>\n\t\t\t\t\t\t\t\t\t\t\t\t\t<\/span>\n\t\t\t\t\t\t\t\t\t\t\t\t<a class=\"elementor-toggle-title\" tabindex=\"0\">SOLICITUD DE DUPLICADOS PLACA PATENTE DE CARRO ARRASTRE<\/a>\n\t\t\t\t\t<\/div>\n\n\t\t\t\t\t<div id=\"elementor-tab-content-3483\" class=\"elementor-tab-content elementor-clearfix\" data-tab=\"3\" role=\"region\" aria-labelledby=\"elementor-tab-title-3483\"><p>Para solicitar Duplicado de Placas en Carros de Arrastre, se debe presentar el siguiente formulario:\u00a0<a href=\"https:\/\/transito.riohurtado.cl\/wp-content\/uploads\/2025\/08\/Solicitud-de-Duplicado-de-Placas.pdf\" target=\"_blank\" rel=\"noopener\">descargar<\/a>, y el tr\u00e1mite puede se tardar entre 30 a 60 d\u00edas h\u00e1biles, debido a que se debe solicitar la Placa Patente a Casa de la Moneda.<\/p><p>La solicitud debe presentarse de forma presencial en la Direcci\u00f3n de Tr\u00e1nsito Municipal y con los siguientes documentos:<\/p><ul><li>C\u00e9dula Identidad Propietario.<\/li><li>Certificado de Inscripci\u00f3n (padr\u00f3n)<\/li><\/ul><\/div>\n\t\t\t\t<\/div>\n\t\t\t\t\t\t\t\t<\/div>\n\t\t\t\t\t\t<\/div>\n\t\t\t\t<\/div>\n\t\t\t\t\t<\/div>\n\t\t<\/div>\n\t\t\t\t\t<\/div>\n\t\t<\/section>\n\t\t\t\t<\/div>\n\t\t","protected":false},"excerpt":{"rendered":"<p>Es el pago del impuesto anual de un veh\u00edculo que transita por las calles, caminos y v\u00edas p\u00fablicas en general. DOCUMENTOS REQUERIDOS PARA RENOVAR PERMISO DE CIRCULACI\u00d3N Permiso de circulaci\u00f3n anterior P\u00f3liza de Seguro Obligatorio (SOAP) Certificado de Homologaci\u00f3n o Revisi\u00f3n T\u00e9cnica Vigente Certificado de emisiones contaminantes Certificado dominio vigente emitido por el Registro Civil, [&hellip;]<\/p>\n","protected":false},"author":1,"featured_media":0,"parent":0,"menu_order":0,"comment_status":"closed","ping_status":"closed","template":"","meta":{"footnotes":""},"class_list":["post-48","page","type-page","status-publish","hentry"],"_links":{"self":[{"href":"https:\/\/transito.riohurtado.cl\/index.php?rest_route=\/wp\/v2\/pages\/48","targetHints":{"allow":["GET"]}}],"collection":[{"href":"https:\/\/transito.riohurtado.cl\/index.php?rest_route=\/wp\/v2\/pages"}],"about":[{"href":"https:\/\/transito.riohurtado.cl\/index.php?rest_route=\/wp\/v2\/types\/page"}],"author":[{"embeddable":true,"href":"https:\/\/transito.riohurtado.cl\/index.php?rest_route=\/wp\/v2\/users\/1"}],"replies":[{"embeddable":true,"href":"https:\/\/transito.riohurtado.cl\/index.php?rest_route=%2Fwp%2Fv2%2Fcomments&post=48"}],"version-history":[{"count":8,"href":"https:\/\/transito.riohurtado.cl\/index.php?rest_route=\/wp\/v2\/pages\/48\/revisions"}],"predecessor-version":[{"id":276,"href":"https:\/\/transito.riohurtado.cl\/index.php?rest_route=\/wp\/v2\/pages\/48\/revisions\/276"}],"wp:attachment":[{"href":"https:\/\/transito.riohurtado.cl\/index.php?rest_route=%2Fwp%2Fv2%2Fmedia&parent=48"}],"curies":[{"name":"wp","href":"https:\/\/api.w.org\/{rel}","templated":true}]}}