{"id":350,"date":"2026-03-05T10:41:08","date_gmt":"2026-03-05T13:41:08","guid":{"rendered":"https:\/\/transito.riohurtado.cl\/?page_id=350"},"modified":"2026-03-05T10:43:31","modified_gmt":"2026-03-05T13:43:31","slug":"formulario-traslados-permisos-de-circulacion","status":"publish","type":"page","link":"https:\/\/transito.riohurtado.cl\/?page_id=350","title":{"rendered":"Formulario Traslados Permisos de Circulaci\u00f3n"},"content":{"rendered":"\t\t<div data-elementor-type=\"wp-page\" data-elementor-id=\"350\" class=\"elementor elementor-350\">\n\t\t\t\t\t\t<section class=\"elementor-section elementor-top-section elementor-element elementor-element-fb031bb elementor-section-boxed elementor-section-height-default elementor-section-height-default\" data-id=\"fb031bb\" data-element_type=\"section\" data-e-type=\"section\">\n\t\t\t\t\t\t<div class=\"elementor-container elementor-column-gap-default\">\n\t\t\t\t\t<div class=\"elementor-column elementor-col-100 elementor-top-column elementor-element elementor-element-9e7f932\" data-id=\"9e7f932\" data-element_type=\"column\" data-e-type=\"column\">\n\t\t\t<div class=\"elementor-widget-wrap elementor-element-populated\">\n\t\t\t\t\t\t<div class=\"elementor-element elementor-element-a846be3 elementor-widget elementor-widget-shortcode\" data-id=\"a846be3\" data-element_type=\"widget\" data-e-type=\"widget\" data-widget_type=\"shortcode.default\">\n\t\t\t\t<div class=\"elementor-widget-container\">\n\t\t\t\t\t\t\t<div class=\"elementor-shortcode\"><div class=\"forminator-ui forminator-custom-form forminator-custom-form-349 forminator-design--default  forminator_ajax\" data-forminator-render=\"0\" data-form=\"forminator-module-349\" data-uid=\"69e588fd2e4f8\"><br\/><\/div><form\n\t\t\t\tid=\"forminator-module-349\"\n\t\t\t\tclass=\"forminator-ui forminator-custom-form forminator-custom-form-349 forminator-design--default  forminator_ajax\"\n\t\t\t\tmethod=\"post\"\n\t\t\t\tdata-forminator-render=\"0\"\n\t\t\t\tdata-form-id=\"349\"\n\t\t\t\tenctype=\"multipart\/form-data\" data-color-option=\"theme\" data-design=\"default\" data-grid=\"open\" style=\"display: none;\"\n\t\t\t\tdata-uid=\"69e588fd2e4f8\"\n\t\t\t><div role=\"alert\" aria-live=\"polite\" class=\"forminator-response-message forminator-error\" aria-hidden=\"true\"><\/div><div class=\"forminator-row\"><div id=\"name-2\" class=\"forminator-field-name forminator-col forminator-col-12 \"><div class=\"forminator-field\"><label for=\"forminator-field-name-2_69e588fd2e4f8\" id=\"forminator-field-name-2_69e588fd2e4f8-label\" class=\"forminator-label\">Rut Propietario <span class=\"forminator-required\">*<\/span><\/label><span id=\"forminator-field-name-2_69e588fd2e4f8-description\" class=\"forminator-description\">Ejemplo: 11222333-4<\/span><input type=\"text\" name=\"name-2\" value=\"\" placeholder=\"\" id=\"forminator-field-name-2_69e588fd2e4f8\" class=\"forminator-input forminator-name--field\" aria-required=\"true\" autocomplete=\"name\" aria-describedby=\"forminator-field-name-2_69e588fd2e4f8-description\" \/><\/div><\/div><\/div><div class=\"forminator-row\"><div id=\"name-1\" class=\"forminator-field-name forminator-col forminator-col-12 \"><div class=\"forminator-field\"><label for=\"forminator-field-name-1_69e588fd2e4f8\" id=\"forminator-field-name-1_69e588fd2e4f8-label\" class=\"forminator-label\">Nombre y Apellido Propietario <span class=\"forminator-required\">*<\/span><\/label><input type=\"text\" name=\"name-1\" value=\"\" placeholder=\"\" id=\"forminator-field-name-1_69e588fd2e4f8\" class=\"forminator-input forminator-name--field\" aria-required=\"true\" autocomplete=\"name\" \/><\/div><\/div><\/div><div class=\"forminator-row\"><div id=\"email-1\" class=\"forminator-field-email forminator-col forminator-col-12 \"><div class=\"forminator-field\"><label for=\"forminator-field-email-1_69e588fd2e4f8\" id=\"forminator-field-email-1_69e588fd2e4f8-label\" class=\"forminator-label\">Direcci\u00f3n de correo electr\u00f3nico <span class=\"forminator-required\">*<\/span><\/label><input type=\"email\" name=\"email-1\" value=\"\" placeholder=\"\" id=\"forminator-field-email-1_69e588fd2e4f8\" class=\"forminator-input forminator-email--field\" data-required=\"1\" aria-required=\"true\" autocomplete=\"email\" \/><\/div><\/div><\/div><div class=\"forminator-row\"><div id=\"phone-1\" class=\"forminator-field-phone forminator-col forminator-col-12 \"><div class=\"forminator-field\"><label for=\"forminator-field-phone-1_69e588fd2e4f8\" id=\"forminator-field-phone-1_69e588fd2e4f8-label\" class=\"forminator-label\">Tel\u00e9fono <span class=\"forminator-required\">*<\/span><\/label><input type=\"text\" name=\"phone-1\" value=\"\" placeholder=\"\" id=\"forminator-field-phone-1_69e588fd2e4f8\" class=\"forminator-input forminator-field--phone\" data-required=\"1\" aria-required=\"true\" autocomplete=\"off\" data-national_mode=\"enabled\" data-country=\"cl\" data-validation=\"standard\" \/><\/div><\/div><\/div><div class=\"forminator-row\"><div id=\"name-3\" class=\"forminator-field-name forminator-col forminator-col-12 \"><div class=\"forminator-field\"><label for=\"forminator-field-name-3_69e588fd2e4f8\" id=\"forminator-field-name-3_69e588fd2e4f8-label\" class=\"forminator-label\">Comuna Anterior Permiso Circulaci\u00f3n <span class=\"forminator-required\">*<\/span><\/label><input type=\"text\" name=\"name-3\" value=\"\" placeholder=\"\" id=\"forminator-field-name-3_69e588fd2e4f8\" class=\"forminator-input forminator-name--field\" aria-required=\"true\" autocomplete=\"name\" \/><\/div><\/div><\/div><div class=\"forminator-row\"><div id=\"upload-1\" class=\"forminator-field-upload forminator-col forminator-col-12 \"><div class=\"forminator-field\"><label for=\"forminator-field-upload-1_69e588fd2e4f8\" id=\"forminator-field-upload-1_69e588fd2e4f8-label\" class=\"forminator-label\">Permiso Circulaci\u00f3n (Subir un archivo - m\u00e1x 8 MB) <span class=\"forminator-required\">*<\/span><\/label><div class=\"forminator-file-upload \" data-element=\"upload-1_69e588fd2e4f8\"><input type=\"file\" name=\"upload-1\" id=\"forminator-field-upload-1_69e588fd2e4f8\" class=\"forminator-input-file-required do-validate\" accept=\".avif,.heif,.heics,.heifs,.pdf,.jpg,.jpeg,.jpe\" tabindex=\"-1\"><button id=\"forminator-field-upload-1_69e588fd2e4f8_button\" class=\"forminator-button forminator-button-upload\" data-id=\"forminator-field-upload-1_69e588fd2e4f8\">Elegir archivo<\/button><span data-empty-text=\"Ning\u00fan archivo seleccionado\">Ning\u00fan archivo seleccionado<\/span><button class=\"forminator-button-delete\" style=\"display: none;\"><i class=\"forminator-icon-close\" aria-hidden=\"true\"><\/i><span class=\"forminator-screen-reader-only\">Eliminar el archivo subido<\/span><\/button><\/div><\/div><\/div><\/div><div class=\"forminator-row\"><div id=\"upload-2\" class=\"forminator-field-upload forminator-col forminator-col-12 \"><div class=\"forminator-field\"><label for=\"forminator-field-upload-2_69e588fd2e4f8\" id=\"forminator-field-upload-2_69e588fd2e4f8-label\" class=\"forminator-label\">Padr\u00f3n o Certificado de Inscripci\u00f3n R.V.M (Subir un archivo - m\u00e1x 8 MB) <span class=\"forminator-required\">*<\/span><\/label><span id=\"forminator-field-upload-2_69e588fd2e4f8-description\" class=\"forminator-description\">Digitalizar por ambos lados.<\/span><div class=\"forminator-file-upload \" data-element=\"upload-2_69e588fd2e4f8\" aria-describedby=\"forminator-field-upload-2_69e588fd2e4f8-description\"><input type=\"file\" name=\"upload-2\" id=\"forminator-field-upload-2_69e588fd2e4f8\" class=\"forminator-input-file-required do-validate\" accept=\".avif,.heif,.heics,.heifs,.pdf,.jpg,.jpeg,.jpe\" tabindex=\"-1\"><button id=\"forminator-field-upload-2_69e588fd2e4f8_button\" class=\"forminator-button forminator-button-upload\" data-id=\"forminator-field-upload-2_69e588fd2e4f8\">Elegir archivo<\/button><span data-empty-text=\"Ning\u00fan archivo seleccionado\">Ning\u00fan archivo seleccionado<\/span><button class=\"forminator-button-delete\" style=\"display: none;\"><i class=\"forminator-icon-close\" aria-hidden=\"true\"><\/i><span class=\"forminator-screen-reader-only\">Eliminar el archivo subido<\/span><\/button><\/div><\/div><\/div><\/div><div class=\"forminator-row\"><div id=\"upload-3\" class=\"forminator-field-upload forminator-col forminator-col-6 \"><div class=\"forminator-field\"><label for=\"forminator-field-upload-3_69e588fd2e4f8\" id=\"forminator-field-upload-3_69e588fd2e4f8-label\" class=\"forminator-label\">Revisi\u00f3n T\u00e9cnica u Homologado (Subir un archivo - m\u00e1x 8 MB) <span class=\"forminator-required\">*<\/span><\/label><span id=\"forminator-field-upload-3_69e588fd2e4f8-description\" class=\"forminator-description\">Digitalizar.<\/span><div class=\"forminator-file-upload \" data-element=\"upload-3_69e588fd2e4f8\" aria-describedby=\"forminator-field-upload-3_69e588fd2e4f8-description\"><input type=\"file\" name=\"upload-3\" id=\"forminator-field-upload-3_69e588fd2e4f8\" class=\"forminator-input-file-required do-validate\" accept=\".avif,.heif,.heics,.heifs,.pdf,.jpg,.jpeg,.jpe\" tabindex=\"-1\"><button id=\"forminator-field-upload-3_69e588fd2e4f8_button\" class=\"forminator-button forminator-button-upload\" data-id=\"forminator-field-upload-3_69e588fd2e4f8\">Elegir archivo<\/button><span data-empty-text=\"Ning\u00fan archivo seleccionado\">Ning\u00fan archivo seleccionado<\/span><button class=\"forminator-button-delete\" style=\"display: none;\"><i class=\"forminator-icon-close\" aria-hidden=\"true\"><\/i><span class=\"forminator-screen-reader-only\">Eliminar el archivo subido<\/span><\/button><\/div><\/div><\/div><div id=\"upload-4\" class=\"forminator-field-upload forminator-col forminator-col-6 \"><div class=\"forminator-field\"><label for=\"forminator-field-upload-4_69e588fd2e4f8\" id=\"forminator-field-upload-4_69e588fd2e4f8-label\" class=\"forminator-label\">An\u00e1lisis de Gases (Subir un archivo - m\u00e1x 8 MB)<\/label><span id=\"forminator-field-upload-4_69e588fd2e4f8-description\" class=\"forminator-description\">Digitalizar.<\/span><div class=\"forminator-file-upload \" data-element=\"upload-4_69e588fd2e4f8\" aria-describedby=\"forminator-field-upload-4_69e588fd2e4f8-description\"><input type=\"file\" name=\"upload-4\" id=\"forminator-field-upload-4_69e588fd2e4f8\" class=\"forminator-input-file\" accept=\".avif,.heif,.heics,.heifs,.pdf,.jpg,.jpeg,.jpe\" tabindex=\"-1\"><button id=\"forminator-field-upload-4_69e588fd2e4f8_button\" class=\"forminator-button forminator-button-upload\" data-id=\"forminator-field-upload-4_69e588fd2e4f8\">Elegir archivo<\/button><span data-empty-text=\"Ning\u00fan archivo seleccionado\">Ning\u00fan archivo seleccionado<\/span><button class=\"forminator-button-delete\" style=\"display: none;\"><i class=\"forminator-icon-close\" aria-hidden=\"true\"><\/i><span class=\"forminator-screen-reader-only\">Eliminar el archivo subido<\/span><\/button><\/div><\/div><\/div><\/div><div class=\"forminator-row\"><div id=\"upload-5\" class=\"forminator-field-upload forminator-col forminator-col-12 \"><div class=\"forminator-field\"><label for=\"forminator-field-upload-5_69e588fd2e4f8\" id=\"forminator-field-upload-5_69e588fd2e4f8-label\" class=\"forminator-label\">SOAP 2026 (Subir un archivo - m\u00e1x 8 MB) <span class=\"forminator-required\">*<\/span><\/label><span id=\"forminator-field-upload-5_69e588fd2e4f8-description\" class=\"forminator-description\">Digitalizar.<\/span><div class=\"forminator-file-upload \" data-element=\"upload-5_69e588fd2e4f8\" aria-describedby=\"forminator-field-upload-5_69e588fd2e4f8-description\"><input type=\"file\" name=\"upload-5\" id=\"forminator-field-upload-5_69e588fd2e4f8\" class=\"forminator-input-file-required do-validate\" accept=\".avif,.heif,.heics,.heifs,.pdf,.jpg,.jpeg,.jpe\" tabindex=\"-1\"><button id=\"forminator-field-upload-5_69e588fd2e4f8_button\" class=\"forminator-button forminator-button-upload\" data-id=\"forminator-field-upload-5_69e588fd2e4f8\">Elegir archivo<\/button><span data-empty-text=\"Ning\u00fan archivo seleccionado\">Ning\u00fan archivo seleccionado<\/span><button class=\"forminator-button-delete\" style=\"display: none;\"><i class=\"forminator-icon-close\" aria-hidden=\"true\"><\/i><span class=\"forminator-screen-reader-only\">Eliminar el archivo subido<\/span><\/button><\/div><\/div><\/div><\/div><div class=\"forminator-row\"><div id=\"upload-6\" class=\"forminator-field-upload forminator-col forminator-col-12 \"><div class=\"forminator-field\"><label for=\"forminator-field-upload-6_69e588fd2e4f8\" id=\"forminator-field-upload-6_69e588fd2e4f8-label\" class=\"forminator-label\">FACTURA (En caso de que sea nuevo - a\u00f1o 2026 - m\u00e1x 8 MB)<\/label><span id=\"forminator-field-upload-6_69e588fd2e4f8-description\" class=\"forminator-description\">Digitalizar.<\/span><div class=\"forminator-file-upload \" data-element=\"upload-6_69e588fd2e4f8\" aria-describedby=\"forminator-field-upload-6_69e588fd2e4f8-description\"><input type=\"file\" name=\"upload-6\" id=\"forminator-field-upload-6_69e588fd2e4f8\" class=\"forminator-input-file\" accept=\".avif,.heif,.heics,.heifs,.pdf,.jpg,.jpeg,.jpe\" tabindex=\"-1\"><button id=\"forminator-field-upload-6_69e588fd2e4f8_button\" class=\"forminator-button forminator-button-upload\" data-id=\"forminator-field-upload-6_69e588fd2e4f8\">Elegir archivo<\/button><span data-empty-text=\"Ning\u00fan archivo seleccionado\">Ning\u00fan archivo seleccionado<\/span><button class=\"forminator-button-delete\" style=\"display: none;\"><i class=\"forminator-icon-close\" aria-hidden=\"true\"><\/i><span class=\"forminator-screen-reader-only\">Eliminar el archivo subido<\/span><\/button><\/div><\/div><\/div><\/div><div class=\"forminator-row\" style=\"margin: 0;\"><div id=\"captcha-1\" class=\"forminator-field-captcha  forminator-col-12 \"><div class=\"forminator-captcha-right forminator-g-recaptcha recaptcha-invisible\" data-theme=\"light\" data-badge=\"bottomright\" data-sitekey=\"6LfD7IAsAAAAADmtGKRlaHCwFV_O9XfYN9k66Vn0\" data-size=\"invisible\"><\/div> <\/div><\/div><input type=\"hidden\" name=\"referer_url\" value=\"\" \/><div class=\"forminator-row forminator-row-last\"><div class=\"forminator-col\"><div class=\"forminator-field\"><button class=\"forminator-button forminator-button-submit\">Enviar<\/button><\/div><\/div><\/div><input type=\"hidden\" id=\"forminator_nonce\" name=\"forminator_nonce\" value=\"bce1a75902\" \/><input type=\"hidden\" name=\"_wp_http_referer\" value=\"\/index.php?rest_route=%2Fwp%2Fv2%2Fpages%2F350\" \/><input type=\"hidden\" name=\"form_id\" value=\"349\"><input type=\"hidden\" name=\"page_id\" value=\"350\"><input type=\"hidden\" name=\"form_type\" value=\"default\"><input type=\"hidden\" name=\"current_url\" value=\"https:\/\/transito.riohurtado.cl\/?page_id=350\"><input type=\"hidden\" name=\"render_id\" value=\"0\"><input type=\"hidden\" name=\"action\" value=\"forminator_submit_form_custom-forms\"><\/form><\/div>\n\t\t\t\t\t\t<\/div>\n\t\t\t\t<\/div>\n\t\t\t\t\t<\/div>\n\t\t<\/div>\n\t\t\t\t\t<\/div>\n\t\t<\/section>\n\t\t\t\t<\/div>\n\t\t","protected":false},"excerpt":{"rendered":"","protected":false},"author":1,"featured_media":0,"parent":0,"menu_order":0,"comment_status":"closed","ping_status":"closed","template":"","meta":{"footnotes":""},"class_list":["post-350","page","type-page","status-publish","hentry"],"_links":{"self":[{"href":"https:\/\/transito.riohurtado.cl\/index.php?rest_route=\/wp\/v2\/pages\/350","targetHints":{"allow":["GET"]}}],"collection":[{"href":"https:\/\/transito.riohurtado.cl\/index.php?rest_route=\/wp\/v2\/pages"}],"about":[{"href":"https:\/\/transito.riohurtado.cl\/index.php?rest_route=\/wp\/v2\/types\/page"}],"author":[{"embeddable":true,"href":"https:\/\/transito.riohurtado.cl\/index.php?rest_route=\/wp\/v2\/users\/1"}],"replies":[{"embeddable":true,"href":"https:\/\/transito.riohurtado.cl\/index.php?rest_route=%2Fwp%2Fv2%2Fcomments&post=350"}],"version-history":[{"count":7,"href":"https:\/\/transito.riohurtado.cl\/index.php?rest_route=\/wp\/v2\/pages\/350\/revisions"}],"predecessor-version":[{"id":357,"href":"https:\/\/transito.riohurtado.cl\/index.php?rest_route=\/wp\/v2\/pages\/350\/revisions\/357"}],"wp:attachment":[{"href":"https:\/\/transito.riohurtado.cl\/index.php?rest_route=%2Fwp%2Fv2%2Fmedia&parent=350"}],"curies":[{"name":"wp","href":"https:\/\/api.w.org\/{rel}","templated":true}]}}