{"id":226,"date":"2025-08-04T14:25:22","date_gmt":"2025-08-04T17:25:22","guid":{"rendered":"https:\/\/transito.riohurtado.cl\/?page_id=226"},"modified":"2026-02-20T10:16:10","modified_gmt":"2026-02-20T13:16:10","slug":"tramites","status":"publish","type":"page","link":"https:\/\/transito.riohurtado.cl\/?page_id=226","title":{"rendered":"Tr\u00e1mites On-line"},"content":{"rendered":"\t\t<div data-elementor-type=\"wp-page\" data-elementor-id=\"226\" class=\"elementor elementor-226\">\n\t\t\t\t\t\t<section class=\"elementor-section elementor-top-section elementor-element elementor-element-4be14f0 elementor-section-boxed elementor-section-height-default elementor-section-height-default\" data-id=\"4be14f0\" data-element_type=\"section\" data-e-type=\"section\">\n\t\t\t\t\t\t<div class=\"elementor-container elementor-column-gap-default\">\n\t\t\t\t\t<div class=\"elementor-column elementor-col-100 elementor-top-column elementor-element elementor-element-723d3c1\" data-id=\"723d3c1\" data-element_type=\"column\" data-e-type=\"column\">\n\t\t\t<div class=\"elementor-widget-wrap elementor-element-populated\">\n\t\t\t\t\t\t<div class=\"elementor-element elementor-element-636302d elementor-widget elementor-widget-image\" data-id=\"636302d\" data-element_type=\"widget\" data-e-type=\"widget\" data-widget_type=\"image.default\">\n\t\t\t\t<div class=\"elementor-widget-container\">\n\t\t\t\t\t\t\t\t\t\t\t\t\t\t\t\t<a href=\"https:\/\/transito.riohurtado.cl\/wp-content\/uploads\/2026\/02\/Permiso-de-Circulacion-2026_compressed.pdf\" target=\"_blank\">\n\t\t\t\t\t\t\t<img fetchpriority=\"high\" decoding=\"async\" width=\"1024\" height=\"576\" src=\"https:\/\/transito.riohurtado.cl\/wp-content\/uploads\/2026\/02\/Guia-1024x576.jpg\" class=\"attachment-large size-large wp-image-342\" alt=\"\" srcset=\"https:\/\/transito.riohurtado.cl\/wp-content\/uploads\/2026\/02\/Guia-1024x576.jpg 1024w, https:\/\/transito.riohurtado.cl\/wp-content\/uploads\/2026\/02\/Guia-300x169.jpg 300w, https:\/\/transito.riohurtado.cl\/wp-content\/uploads\/2026\/02\/Guia-768x432.jpg 768w, https:\/\/transito.riohurtado.cl\/wp-content\/uploads\/2026\/02\/Guia.jpg 1534w\" sizes=\"(max-width: 1024px) 100vw, 1024px\" \/>\t\t\t\t\t\t\t\t<\/a>\n\t\t\t\t\t\t\t\t\t\t\t\t\t\t\t<\/div>\n\t\t\t\t<\/div>\n\t\t\t\t\t<\/div>\n\t\t<\/div>\n\t\t\t\t\t<\/div>\n\t\t<\/section>\n\t\t\t\t<section class=\"elementor-section elementor-top-section elementor-element elementor-element-b0afabe elementor-section-boxed elementor-section-height-default elementor-section-height-default\" data-id=\"b0afabe\" data-element_type=\"section\" data-e-type=\"section\">\n\t\t\t\t\t\t<div class=\"elementor-container elementor-column-gap-default\">\n\t\t\t\t\t<div class=\"elementor-column elementor-col-100 elementor-top-column elementor-element elementor-element-a138208\" data-id=\"a138208\" data-element_type=\"column\" data-e-type=\"column\">\n\t\t\t<div class=\"elementor-widget-wrap elementor-element-populated\">\n\t\t\t\t\t\t<div class=\"elementor-element elementor-element-6375262 elementor-widget elementor-widget-text-editor\" data-id=\"6375262\" data-element_type=\"widget\" data-e-type=\"widget\" data-widget_type=\"text-editor.default\">\n\t\t\t\t<div class=\"elementor-widget-container\">\n\t\t\t\t\t\t\t\t\t<h3 style=\"text-align: center;\"><strong>&#8220;Evite filas. Pague su Permiso de Circulaci\u00f3n en l\u00ednea&#8221;<\/strong><\/h3>\t\t\t\t\t\t\t\t<\/div>\n\t\t\t\t<\/div>\n\t\t\t\t<div class=\"elementor-element elementor-element-5229b3f elementor-view-default elementor-widget elementor-widget-icon\" data-id=\"5229b3f\" data-element_type=\"widget\" data-e-type=\"widget\" data-widget_type=\"icon.default\">\n\t\t\t\t<div class=\"elementor-widget-container\">\n\t\t\t\t\t\t\t<div class=\"elementor-icon-wrapper\">\n\t\t\t<div class=\"elementor-icon\">\n\t\t\t<i aria-hidden=\"true\" class=\"far fa-hand-point-down\"><\/i>\t\t\t<\/div>\n\t\t<\/div>\n\t\t\t\t\t\t<\/div>\n\t\t\t\t<\/div>\n\t\t\t\t<div class=\"elementor-element elementor-element-188b7b0 elementor-widget elementor-widget-image\" data-id=\"188b7b0\" data-element_type=\"widget\" data-e-type=\"widget\" data-widget_type=\"image.default\">\n\t\t\t\t<div class=\"elementor-widget-container\">\n\t\t\t\t\t\t\t\t\t\t\t\t\t\t\t\t<a href=\"https:\/\/ww23.e-com.cl\/Pagos\/PermisoCirculacion\/renovacion\/ecomv3_be\/?id=126\" target=\"_blank\">\n\t\t\t\t\t\t\t<img decoding=\"async\" width=\"1024\" height=\"359\" src=\"https:\/\/transito.riohurtado.cl\/wp-content\/uploads\/2026\/02\/PC2026-1024x359.webp\" class=\"attachment-large size-large wp-image-325\" alt=\"\" srcset=\"https:\/\/transito.riohurtado.cl\/wp-content\/uploads\/2026\/02\/PC2026-1024x359.webp 1024w, https:\/\/transito.riohurtado.cl\/wp-content\/uploads\/2026\/02\/PC2026-300x105.webp 300w, https:\/\/transito.riohurtado.cl\/wp-content\/uploads\/2026\/02\/PC2026-768x269.webp 768w, https:\/\/transito.riohurtado.cl\/wp-content\/uploads\/2026\/02\/PC2026-1536x538.webp 1536w, https:\/\/transito.riohurtado.cl\/wp-content\/uploads\/2026\/02\/PC2026-2048x717.webp 2048w\" sizes=\"(max-width: 1024px) 100vw, 1024px\" \/>\t\t\t\t\t\t\t\t<\/a>\n\t\t\t\t\t\t\t\t\t\t\t\t\t\t\t<\/div>\n\t\t\t\t<\/div>\n\t\t\t\t\t<\/div>\n\t\t<\/div>\n\t\t\t\t\t<\/div>\n\t\t<\/section>\n\t\t\t\t<section class=\"elementor-section elementor-top-section elementor-element elementor-element-04aa595 elementor-section-boxed elementor-section-height-default elementor-section-height-default\" data-id=\"04aa595\" data-element_type=\"section\" data-e-type=\"section\">\n\t\t\t\t\t\t<div class=\"elementor-container elementor-column-gap-default\">\n\t\t\t\t\t<div class=\"elementor-column elementor-col-100 elementor-top-column elementor-element elementor-element-44e5c11\" data-id=\"44e5c11\" data-element_type=\"column\" data-e-type=\"column\">\n\t\t\t<div class=\"elementor-widget-wrap elementor-element-populated\">\n\t\t\t\t\t\t<div class=\"elementor-element elementor-element-23f9e54 elementor-widget elementor-widget-spacer\" data-id=\"23f9e54\" data-element_type=\"widget\" data-e-type=\"widget\" data-widget_type=\"spacer.default\">\n\t\t\t\t<div class=\"elementor-widget-container\">\n\t\t\t\t\t\t\t<div class=\"elementor-spacer\">\n\t\t\t<div class=\"elementor-spacer-inner\"><\/div>\n\t\t<\/div>\n\t\t\t\t\t\t<\/div>\n\t\t\t\t<\/div>\n\t\t\t\t\t<\/div>\n\t\t<\/div>\n\t\t\t\t\t<\/div>\n\t\t<\/section>\n\t\t\t\t<section class=\"elementor-section elementor-top-section elementor-element elementor-element-684380e elementor-section-boxed elementor-section-height-default elementor-section-height-default\" data-id=\"684380e\" data-element_type=\"section\" data-e-type=\"section\">\n\t\t\t\t\t\t<div class=\"elementor-container elementor-column-gap-default\">\n\t\t\t\t\t<div class=\"elementor-column elementor-col-33 elementor-top-column elementor-element elementor-element-d549032\" data-id=\"d549032\" data-element_type=\"column\" data-e-type=\"column\">\n\t\t\t<div class=\"elementor-widget-wrap elementor-element-populated\">\n\t\t\t\t\t\t<div class=\"elementor-element elementor-element-1a282a8 elementor-widget elementor-widget-spacer\" data-id=\"1a282a8\" data-element_type=\"widget\" data-e-type=\"widget\" data-widget_type=\"spacer.default\">\n\t\t\t\t<div class=\"elementor-widget-container\">\n\t\t\t\t\t\t\t<div class=\"elementor-spacer\">\n\t\t\t<div class=\"elementor-spacer-inner\"><\/div>\n\t\t<\/div>\n\t\t\t\t\t\t<\/div>\n\t\t\t\t<\/div>\n\t\t\t\t<div class=\"elementor-element elementor-element-50d4ffa elementor-view-default elementor-widget elementor-widget-icon\" data-id=\"50d4ffa\" data-element_type=\"widget\" data-e-type=\"widget\" data-widget_type=\"icon.default\">\n\t\t\t\t<div class=\"elementor-widget-container\">\n\t\t\t\t\t\t\t<div class=\"elementor-icon-wrapper\">\n\t\t\t<div class=\"elementor-icon\">\n\t\t\t<i aria-hidden=\"true\" class=\"far fa-hand-point-right\"><\/i>\t\t\t<\/div>\n\t\t<\/div>\n\t\t\t\t\t\t<\/div>\n\t\t\t\t<\/div>\n\t\t\t\t<div class=\"elementor-element elementor-element-21d5bab elementor-widget elementor-widget-text-editor\" data-id=\"21d5bab\" data-element_type=\"widget\" data-e-type=\"widget\" data-widget_type=\"text-editor.default\">\n\t\t\t\t<div class=\"elementor-widget-container\">\n\t\t\t\t\t\t\t\t\t<h3 style=\"text-align: center;\"><span style=\"color: #000000;\"><b>AQU\u00cd PUEDES REALIZAR LA VALIDACI\u00d3N DE TU PERMISO DE CIRCULACI\u00d3N ON-LINE<\/b><\/span><\/h3>\t\t\t\t\t\t\t\t<\/div>\n\t\t\t\t<\/div>\n\t\t\t\t\t<\/div>\n\t\t<\/div>\n\t\t\t\t<div class=\"elementor-column elementor-col-66 elementor-top-column elementor-element elementor-element-9927ef9\" data-id=\"9927ef9\" data-element_type=\"column\" data-e-type=\"column\">\n\t\t\t<div class=\"elementor-widget-wrap elementor-element-populated\">\n\t\t\t\t\t\t<div class=\"elementor-element elementor-element-5e8ff12 elementor-widget elementor-widget-image\" data-id=\"5e8ff12\" data-element_type=\"widget\" data-e-type=\"widget\" data-widget_type=\"image.default\">\n\t\t\t\t<div class=\"elementor-widget-container\">\n\t\t\t\t\t\t\t\t\t\t\t\t\t\t\t\t<a href=\"https:\/\/ww23.e-com.cl\/Pagos\/PermisoCirculacion\/renovacion\/validacionpermiso.asp?codmunic=126\" target=\"_blank\">\n\t\t\t\t\t\t\t<img decoding=\"async\" width=\"1024\" height=\"683\" src=\"https:\/\/transito.riohurtado.cl\/wp-content\/uploads\/2026\/02\/Validacion_PC-1024x683.webp\" class=\"attachment-large size-large wp-image-330\" alt=\"\" srcset=\"https:\/\/transito.riohurtado.cl\/wp-content\/uploads\/2026\/02\/Validacion_PC-1024x683.webp 1024w, https:\/\/transito.riohurtado.cl\/wp-content\/uploads\/2026\/02\/Validacion_PC-300x200.webp 300w, https:\/\/transito.riohurtado.cl\/wp-content\/uploads\/2026\/02\/Validacion_PC-768x512.webp 768w, https:\/\/transito.riohurtado.cl\/wp-content\/uploads\/2026\/02\/Validacion_PC.webp 1536w\" sizes=\"(max-width: 1024px) 100vw, 1024px\" \/>\t\t\t\t\t\t\t\t<\/a>\n\t\t\t\t\t\t\t\t\t\t\t\t\t\t\t<\/div>\n\t\t\t\t<\/div>\n\t\t\t\t\t<\/div>\n\t\t<\/div>\n\t\t\t\t\t<\/div>\n\t\t<\/section>\n\t\t\t\t<section class=\"elementor-section elementor-top-section elementor-element elementor-element-958a94a elementor-section-boxed elementor-section-height-default elementor-section-height-default\" data-id=\"958a94a\" data-element_type=\"section\" data-e-type=\"section\">\n\t\t\t\t\t\t<div class=\"elementor-container elementor-column-gap-default\">\n\t\t\t\t\t<div class=\"elementor-column elementor-col-33 elementor-top-column elementor-element elementor-element-42d5e87\" data-id=\"42d5e87\" data-element_type=\"column\" data-e-type=\"column\">\n\t\t\t<div class=\"elementor-widget-wrap\">\n\t\t\t\t\t\t\t<\/div>\n\t\t<\/div>\n\t\t\t\t<div class=\"elementor-column elementor-col-33 elementor-top-column elementor-element elementor-element-d3af140\" data-id=\"d3af140\" data-element_type=\"column\" data-e-type=\"column\">\n\t\t\t<div class=\"elementor-widget-wrap\">\n\t\t\t\t\t\t\t<\/div>\n\t\t<\/div>\n\t\t\t\t<div class=\"elementor-column elementor-col-33 elementor-top-column elementor-element elementor-element-673cb7e\" data-id=\"673cb7e\" data-element_type=\"column\" data-e-type=\"column\">\n\t\t\t<div class=\"elementor-widget-wrap\">\n\t\t\t\t\t\t\t<\/div>\n\t\t<\/div>\n\t\t\t\t\t<\/div>\n\t\t<\/section>\n\t\t\t\t<\/div>\n\t\t","protected":false},"excerpt":{"rendered":"<p>&#8220;Evite filas. Pague su Permiso de Circulaci\u00f3n en l\u00ednea&#8221; AQU\u00cd PUEDES REALIZAR LA VALIDACI\u00d3N DE TU PERMISO DE CIRCULACI\u00d3N ON-LINE<\/p>\n","protected":false},"author":1,"featured_media":0,"parent":0,"menu_order":0,"comment_status":"closed","ping_status":"closed","template":"","meta":{"footnotes":""},"class_list":["post-226","page","type-page","status-publish","hentry"],"_links":{"self":[{"href":"https:\/\/transito.riohurtado.cl\/index.php?rest_route=\/wp\/v2\/pages\/226","targetHints":{"allow":["GET"]}}],"collection":[{"href":"https:\/\/transito.riohurtado.cl\/index.php?rest_route=\/wp\/v2\/pages"}],"about":[{"href":"https:\/\/transito.riohurtado.cl\/index.php?rest_route=\/wp\/v2\/types\/page"}],"author":[{"embeddable":true,"href":"https:\/\/transito.riohurtado.cl\/index.php?rest_route=\/wp\/v2\/users\/1"}],"replies":[{"embeddable":true,"href":"https:\/\/transito.riohurtado.cl\/index.php?rest_route=%2Fwp%2Fv2%2Fcomments&post=226"}],"version-history":[{"count":74,"href":"https:\/\/transito.riohurtado.cl\/index.php?rest_route=\/wp\/v2\/pages\/226\/revisions"}],"predecessor-version":[{"id":347,"href":"https:\/\/transito.riohurtado.cl\/index.php?rest_route=\/wp\/v2\/pages\/226\/revisions\/347"}],"wp:attachment":[{"href":"https:\/\/transito.riohurtado.cl\/index.php?rest_route=%2Fwp%2Fv2%2Fmedia&parent=226"}],"curies":[{"name":"wp","href":"https:\/\/api.w.org\/{rel}","templated":true}]}}